{"id":6472,"date":"2025-04-09T09:28:57","date_gmt":"2025-04-09T09:28:57","guid":{"rendered":"https:\/\/citylogix.com\/?page_id=6472"},"modified":"2025-06-03T05:03:34","modified_gmt":"2025-06-03T05:03:34","slug":"politique-de-confidentialite","status":"publish","type":"page","link":"https:\/\/citylogix.com\/fr\/politique-de-confidentialite\/","title":{"rendered":"Politique de confidentialit\u00e9"},"content":{"rendered":"\t\t<div data-elementor-type=\"wp-page\" data-elementor-id=\"6472\" class=\"elementor elementor-6472 elementor-2049\" data-elementor-post-type=\"page\">\n\t\t\t\t\t\t<section class=\"elementor-section elementor-top-section elementor-element elementor-element-03da372 main_contact_form_section  elementor-section-boxed elementor-section-height-default elementor-section-height-default\" data-id=\"03da372\" data-element_type=\"section\" data-settings=\"{&quot;background_background&quot;:&quot;classic&quot;,&quot;animation&quot;:&quot;none&quot;}\">\n\t\t\t\t\t\t<div class=\"elementor-container elementor-column-gap-default\">\n\t\t\t\t\t<div class=\"elementor-column elementor-col-100 elementor-top-column elementor-element elementor-element-7deb6e2\" data-id=\"7deb6e2\" data-element_type=\"column\">\n\t\t\t<div class=\"elementor-widget-wrap elementor-element-populated\">\n\t\t\t\t\t\t<div class=\"elementor-element elementor-element-78b2c40 elementor-widget__width-auto elementor-widget elementor-widget-heading\" data-id=\"78b2c40\" data-element_type=\"widget\" data-settings=\"{&quot;_animation&quot;:&quot;none&quot;}\" data-widget_type=\"heading.default\">\n\t\t\t\t<div class=\"elementor-widget-container\">\n\t\t\t\t\t<h5 class=\"elementor-heading-title elementor-size-default\">Politique de Confidentialit\u00e9<\/h5>\t\t\t\t<\/div>\n\t\t\t\t<\/div>\n\t\t\t\t<div class=\"elementor-element elementor-element-36dea66 elementor-widget elementor-widget-text-editor\" data-id=\"36dea66\" data-element_type=\"widget\" data-widget_type=\"text-editor.default\">\n\t\t\t\t<div class=\"elementor-widget-container\">\n\t\t\t\t\t\t\t\t\t<p>Votre vie priv\u00e9e est importante pour nous. La politique de Citylogix est de respecter votre vie priv\u00e9e concernant toute information que nous pourrions collecter \u00e0 votre sujet via notre site web, www.citylogix.com, et les autres services que nous fournissons.<\/p><h3>1. Informations que nous collectons<\/h3><p>Donn\u00e9es de journalisation<\/p><p>Lorsque vous visitez notre site web, nos serveurs peuvent enregistrer automatiquement des donn\u00e9es standard fournies par votre navigateur. Cela peut inclure l\u2019adresse IP de votre ordinateur, le type et la version du navigateur, les pages visit\u00e9es, la date et l\u2019heure de la visite, et d\u2019autres donn\u00e9es de diagnostic.<\/p><p>Donn\u00e9es de l&rsquo;appareil<\/p><p>Nous pouvons recueillir des informations sur l&rsquo;appareil que vous utilisez pour acc\u00e9der \u00e0 notre site web. Ces donn\u00e9es peuvent inclure le type d&rsquo;appareil, le syst\u00e8me d&rsquo;exploitation, les identifiants uniques de l&rsquo;appareil et les donn\u00e9es de localisation (si activ\u00e9es).<\/p><p>Informations personnelles<\/p><p>Nous pouvons demander des informations personnelles telles que votre :<br \/>&#8211; Nom<br \/>&#8211; Adresse e-mail<br \/>&#8211; Nom de l\u2019entreprise<br \/>&#8211; Num\u00e9ro de t\u00e9l\u00e9phone<\/p><p>Donn\u00e9es commerciales<\/p><p>Nous pouvons collecter des donn\u00e9es concernant vos interactions avec nos services, telles que les pages visit\u00e9es, les demandes de d\u00e9monstration, les soumissions de formulaire ou les t\u00e9l\u00e9chargements de contenu. Cela peut inclure des donn\u00e9es analytiques, des sources de trafic et des donn\u00e9es de r\u00e9f\u00e9rence.<\/p><h3>2. Bases l\u00e9gales du traitement<\/h3><p>Nous traitons les donn\u00e9es personnelles de mani\u00e8re licite et transparente, et uniquement lorsque :<br \/>&#8211; C\u2019est n\u00e9cessaire pour ex\u00e9cuter un contrat ou prendre des mesures pr\u00e9contractuelles ;<br \/>&#8211; Vous nous avez donn\u00e9 votre consentement pour un usage sp\u00e9cifique (ex. : inscription \u00e0 la newsletter) ;<br \/>&#8211; Cela sert nos int\u00e9r\u00eats l\u00e9gitimes (ex. : am\u00e9liorer nos services ou notre marketing) ;<br \/>&#8211; La loi l\u2019exige.<\/p><p>Vous pouvez retirer votre consentement \u00e0 tout moment.<\/p><h3>3. Utilisation de vos informations<\/h3><p>Nous pouvons utiliser vos informations pour :<br \/>&#8211; Fournir et am\u00e9liorer notre site web et nos services<br \/>&#8211; Communiquer avec vous (ex. : r\u00e9pondre aux demandes ou envoyer des infolettres)<br \/>&#8211; Effectuer des analyses et recherches de march\u00e9<br \/>&#8211; Tenir des registres internes et \u00e0 des fins administratives<br \/>&#8211; Mener des activit\u00e9s de marketing (avec votre consentement)<\/p><h3>4. Divulgation \u00e0 des tiers<\/h3><p>Nous pouvons partager vos donn\u00e9es avec :<br \/>&#8211; Des prestataires de services qui nous aident \u00e0 faire fonctionner le site (ex. : analyses, h\u00e9bergement, courriels)<br \/>&#8211; Les autorit\u00e9s si la loi l\u2019exige<br \/>&#8211; Des successeurs en cas de transfert d\u2019activit\u00e9<\/p><p>Tous les prestataires tiers doivent prot\u00e9ger vos donn\u00e9es.<\/p><h3>5. Transferts internationaux<\/h3><p>Vos donn\u00e9es peuvent \u00eatre transf\u00e9r\u00e9es et stock\u00e9es sur des serveurs situ\u00e9s en dehors de votre pays. Si vous \u00eates dans l\u2019EEE, nous mettons en place des garanties ad\u00e9quates (ex. : clauses contractuelles types).<\/p><h3>6. Vos droits<\/h3><p>Selon votre lieu de r\u00e9sidence, vous pouvez avoir le droit de :<br \/>&#8211; Acc\u00e9der \u00e0 vos donn\u00e9es personnelles<br \/>&#8211; Corriger des donn\u00e9es inexactes<br \/>&#8211; Retirer votre consentement ou vous opposer au traitement<br \/>&#8211; Demander la suppression des donn\u00e9es<br \/>&#8211; Recevoir une copie de vos donn\u00e9es (portabilit\u00e9)<br \/>&#8211; D\u00e9poser une plainte aupr\u00e8s d\u2019une autorit\u00e9 de protection des donn\u00e9es<\/p><p>Pour exercer vos droits, contactez-nous \u00e0 info@citylogix.com<\/p><h3>7. S\u00e9curit\u00e9 des donn\u00e9es<\/h3><p>Nous mettons en place des mesures raisonnables pour prot\u00e9ger vos donn\u00e9es. Cependant, aucun syst\u00e8me n\u2019est totalement s\u00e9curis\u00e9. Nous vous recommandons la prudence lors de la transmission d&rsquo;informations en ligne.<\/p><h3>8. Politique de cookies<\/h3><p>Nous utilisons des cookies et technologies similaires pour am\u00e9liorer votre navigation, analyser le trafic et comprendre l\u2019utilisation de notre site.<\/p><p>Qu\u2019est-ce qu\u2019un cookie ?<\/p><p>Un cookie est un petit fichier stock\u00e9 sur votre appareil pour m\u00e9moriser vos pr\u00e9f\u00e9rences.<\/p><p>Types de cookies que nous utilisons :<br \/>&#8211; Cookies essentiels : n\u00e9cessaires au bon fonctionnement du site<br \/>&#8211; Cookies analytiques : nous aident \u00e0 comprendre l\u2019usage du site (via Google Analytics)<br \/>&#8211; Cookies marketing : non utilis\u00e9s actuellement, mais pourraient l\u2019\u00eatre \u00e0 l\u2019avenir<\/p><p>G\u00e9rer les cookies<\/p><p>Vous pouvez d\u00e9sactiver les cookies via les param\u00e8tres de votre navigateur. Pour d\u00e9sactiver Google Analytics, utilisez l\u2019extension officielle de d\u00e9sactivation.<\/p><p>Refuser les cookies peut affecter certaines fonctionnalit\u00e9s du site.<\/p><h3>9. Liens externes<\/h3><p>Notre site peut contenir des liens vers d&rsquo;autres sites. Nous ne sommes pas responsables de leurs pratiques en mati\u00e8re de confidentialit\u00e9.<\/p><h3>10. Modifications de cette politique<\/h3><p>Nous pouvons modifier cette politique de confidentialit\u00e9 \u00e0 tout moment. Les changements seront publi\u00e9s sur cette page. En cas de modifications importantes, nous vous en informerons.<\/p><p>Nous contacter<\/p><p>Si vous avez des questions, veuillez nous \u00e9crire \u00e0 info@citylogix.com<\/p>\t\t\t\t\t\t\t\t<\/div>\n\t\t\t\t<\/div>\n\t\t\t\t\t<\/div>\n\t\t<\/div>\n\t\t\t\t\t<\/div>\n\t\t<\/section>\n\t\t\t\t<\/div>\n\t\t","protected":false},"excerpt":{"rendered":"<p>Politique de Confidentialit\u00e9 Votre vie priv\u00e9e est importante pour nous. La politique de Citylogix est de respecter votre vie priv\u00e9e concernant toute information que nous pourrions collecter \u00e0 votre sujet via notre site web, www.citylogix.com, et les autres services que nous fournissons. 1. Informations que nous collectons Donn\u00e9es de journalisation Lorsque vous visitez notre site [&hellip;]<\/p>\n","protected":false},"author":1,"featured_media":0,"parent":0,"menu_order":0,"comment_status":"closed","ping_status":"closed","template":"","meta":{"_acf_changed":false,"inline_featured_image":false,"footnotes":""},"class_list":["post-6472","page","type-page","status-publish","hentry"],"acf":[],"yoast_head":"<!-- This site is optimized with the Yoast SEO plugin v25.2 - https:\/\/yoast.com\/wordpress\/plugins\/seo\/ -->\n<title>Politique de confidentialit\u00e9 | Citylogix<\/title>\n<meta name=\"robots\" content=\"index, follow, max-snippet:-1, max-image-preview:large, max-video-preview:-1\" \/>\n<link rel=\"canonical\" href=\"https:\/\/citylogix.com\/fr\/politique-de-confidentialite\/\" \/>\n<meta property=\"og:locale\" content=\"fr_FR\" \/>\n<meta property=\"og:type\" content=\"article\" \/>\n<meta property=\"og:title\" content=\"Politique de confidentialit\u00e9 | Citylogix\" \/>\n<meta property=\"og:description\" content=\"Politique de Confidentialit\u00e9 Votre vie priv\u00e9e est importante pour nous. La politique de Citylogix est de respecter votre vie priv\u00e9e concernant toute information que nous pourrions collecter \u00e0 votre sujet via notre site web, www.citylogix.com, et les autres services que nous fournissons. 1. Informations que nous collectons Donn\u00e9es de journalisation Lorsque vous visitez notre site [&hellip;]\" \/>\n<meta property=\"og:url\" content=\"https:\/\/citylogix.com\/fr\/politique-de-confidentialite\/\" \/>\n<meta property=\"og:site_name\" content=\"Citylogix\" \/>\n<meta property=\"article:modified_time\" content=\"2025-06-03T05:03:34+00:00\" \/>\n<meta property=\"og:image\" content=\"https:\/\/citylogix.com\/wp-content\/uploads\/2025\/05\/citylogix.jpg\" \/>\n\t<meta property=\"og:image:width\" content=\"860\" \/>\n\t<meta property=\"og:image:height\" content=\"500\" \/>\n\t<meta property=\"og:image:type\" content=\"image\/jpeg\" \/>\n<meta name=\"twitter:card\" content=\"summary_large_image\" \/>\n<meta name=\"twitter:label1\" content=\"Dur\u00e9e de lecture estim\u00e9e\" \/>\n\t<meta name=\"twitter:data1\" content=\"4 minutes\" \/>\n<script type=\"application\/ld+json\" class=\"yoast-schema-graph\">{\"@context\":\"https:\/\/schema.org\",\"@graph\":[{\"@type\":\"WebPage\",\"@id\":\"https:\/\/citylogix.com\/fr\/politique-de-confidentialite\/\",\"url\":\"https:\/\/citylogix.com\/fr\/politique-de-confidentialite\/\",\"name\":\"Politique de confidentialit\u00e9 | Citylogix\",\"isPartOf\":{\"@id\":\"https:\/\/citylogix.com\/fr\/#website\"},\"datePublished\":\"2025-04-09T09:28:57+00:00\",\"dateModified\":\"2025-06-03T05:03:34+00:00\",\"breadcrumb\":{\"@id\":\"https:\/\/citylogix.com\/fr\/politique-de-confidentialite\/#breadcrumb\"},\"inLanguage\":\"fr-FR\",\"potentialAction\":[{\"@type\":\"ReadAction\",\"target\":[\"https:\/\/citylogix.com\/fr\/politique-de-confidentialite\/\"]}]},{\"@type\":\"BreadcrumbList\",\"@id\":\"https:\/\/citylogix.com\/fr\/politique-de-confidentialite\/#breadcrumb\",\"itemListElement\":[{\"@type\":\"ListItem\",\"position\":1,\"name\":\"Home\",\"item\":\"https:\/\/citylogix.com\/fr\/\"},{\"@type\":\"ListItem\",\"position\":2,\"name\":\"Politique de confidentialit\u00e9\"}]},{\"@type\":\"WebSite\",\"@id\":\"https:\/\/citylogix.com\/fr\/#website\",\"url\":\"https:\/\/citylogix.com\/fr\/\",\"name\":\"CityLogix\",\"description\":\"\",\"publisher\":{\"@id\":\"https:\/\/citylogix.com\/fr\/#organization\"},\"potentialAction\":[{\"@type\":\"SearchAction\",\"target\":{\"@type\":\"EntryPoint\",\"urlTemplate\":\"https:\/\/citylogix.com\/fr\/?s={search_term_string}\"},\"query-input\":{\"@type\":\"PropertyValueSpecification\",\"valueRequired\":true,\"valueName\":\"search_term_string\"}}],\"inLanguage\":\"fr-FR\"},{\"@type\":\"Organization\",\"@id\":\"https:\/\/citylogix.com\/fr\/#organization\",\"name\":\"CityLogix\",\"url\":\"https:\/\/citylogix.com\/fr\/\",\"logo\":{\"@type\":\"ImageObject\",\"inLanguage\":\"fr-FR\",\"@id\":\"https:\/\/citylogix.com\/fr\/#\/schema\/logo\/image\/\",\"url\":\"https:\/\/citylogix.com\/wp-content\/uploads\/2025\/05\/citylogix.jpg\",\"contentUrl\":\"https:\/\/citylogix.com\/wp-content\/uploads\/2025\/05\/citylogix.jpg\",\"width\":860,\"height\":500,\"caption\":\"CityLogix\"},\"image\":{\"@id\":\"https:\/\/citylogix.com\/fr\/#\/schema\/logo\/image\/\"}}]}<\/script>\n<!-- \/ Yoast SEO plugin. -->","yoast_head_json":{"title":"Politique de confidentialit\u00e9 | Citylogix","robots":{"index":"index","follow":"follow","max-snippet":"max-snippet:-1","max-image-preview":"max-image-preview:large","max-video-preview":"max-video-preview:-1"},"canonical":"https:\/\/citylogix.com\/fr\/politique-de-confidentialite\/","og_locale":"fr_FR","og_type":"article","og_title":"Politique de confidentialit\u00e9 | Citylogix","og_description":"Politique de Confidentialit\u00e9 Votre vie priv\u00e9e est importante pour nous. La politique de Citylogix est de respecter votre vie priv\u00e9e concernant toute information que nous pourrions collecter \u00e0 votre sujet via notre site web, www.citylogix.com, et les autres services que nous fournissons. 1. Informations que nous collectons Donn\u00e9es de journalisation Lorsque vous visitez notre site [&hellip;]","og_url":"https:\/\/citylogix.com\/fr\/politique-de-confidentialite\/","og_site_name":"Citylogix","article_modified_time":"2025-06-03T05:03:34+00:00","og_image":[{"width":860,"height":500,"url":"https:\/\/citylogix.com\/wp-content\/uploads\/2025\/05\/citylogix.jpg","type":"image\/jpeg"}],"twitter_card":"summary_large_image","twitter_misc":{"Dur\u00e9e de lecture estim\u00e9e":"4 minutes"},"schema":{"@context":"https:\/\/schema.org","@graph":[{"@type":"WebPage","@id":"https:\/\/citylogix.com\/fr\/politique-de-confidentialite\/","url":"https:\/\/citylogix.com\/fr\/politique-de-confidentialite\/","name":"Politique de confidentialit\u00e9 | Citylogix","isPartOf":{"@id":"https:\/\/citylogix.com\/fr\/#website"},"datePublished":"2025-04-09T09:28:57+00:00","dateModified":"2025-06-03T05:03:34+00:00","breadcrumb":{"@id":"https:\/\/citylogix.com\/fr\/politique-de-confidentialite\/#breadcrumb"},"inLanguage":"fr-FR","potentialAction":[{"@type":"ReadAction","target":["https:\/\/citylogix.com\/fr\/politique-de-confidentialite\/"]}]},{"@type":"BreadcrumbList","@id":"https:\/\/citylogix.com\/fr\/politique-de-confidentialite\/#breadcrumb","itemListElement":[{"@type":"ListItem","position":1,"name":"Home","item":"https:\/\/citylogix.com\/fr\/"},{"@type":"ListItem","position":2,"name":"Politique de confidentialit\u00e9"}]},{"@type":"WebSite","@id":"https:\/\/citylogix.com\/fr\/#website","url":"https:\/\/citylogix.com\/fr\/","name":"CityLogix","description":"","publisher":{"@id":"https:\/\/citylogix.com\/fr\/#organization"},"potentialAction":[{"@type":"SearchAction","target":{"@type":"EntryPoint","urlTemplate":"https:\/\/citylogix.com\/fr\/?s={search_term_string}"},"query-input":{"@type":"PropertyValueSpecification","valueRequired":true,"valueName":"search_term_string"}}],"inLanguage":"fr-FR"},{"@type":"Organization","@id":"https:\/\/citylogix.com\/fr\/#organization","name":"CityLogix","url":"https:\/\/citylogix.com\/fr\/","logo":{"@type":"ImageObject","inLanguage":"fr-FR","@id":"https:\/\/citylogix.com\/fr\/#\/schema\/logo\/image\/","url":"https:\/\/citylogix.com\/wp-content\/uploads\/2025\/05\/citylogix.jpg","contentUrl":"https:\/\/citylogix.com\/wp-content\/uploads\/2025\/05\/citylogix.jpg","width":860,"height":500,"caption":"CityLogix"},"image":{"@id":"https:\/\/citylogix.com\/fr\/#\/schema\/logo\/image\/"}}]}},"_links":{"self":[{"href":"https:\/\/citylogix.com\/fr\/wp-json\/wp\/v2\/pages\/6472","targetHints":{"allow":["GET"]}}],"collection":[{"href":"https:\/\/citylogix.com\/fr\/wp-json\/wp\/v2\/pages"}],"about":[{"href":"https:\/\/citylogix.com\/fr\/wp-json\/wp\/v2\/types\/page"}],"author":[{"embeddable":true,"href":"https:\/\/citylogix.com\/fr\/wp-json\/wp\/v2\/users\/1"}],"replies":[{"embeddable":true,"href":"https:\/\/citylogix.com\/fr\/wp-json\/wp\/v2\/comments?post=6472"}],"version-history":[{"count":7,"href":"https:\/\/citylogix.com\/fr\/wp-json\/wp\/v2\/pages\/6472\/revisions"}],"predecessor-version":[{"id":6519,"href":"https:\/\/citylogix.com\/fr\/wp-json\/wp\/v2\/pages\/6472\/revisions\/6519"}],"wp:attachment":[{"href":"https:\/\/citylogix.com\/fr\/wp-json\/wp\/v2\/media?parent=6472"}],"curies":[{"name":"wp","href":"https:\/\/api.w.org\/{rel}","templated":true}]}}